{"id":7097,"date":"2023-09-05T09:32:15","date_gmt":"2023-09-05T09:32:15","guid":{"rendered":"https:\/\/demo.goodlayers.com\/attorna\/homepages\/demo7\/?page_id=7097"},"modified":"2026-01-28T09:53:25","modified_gmt":"2026-01-28T09:53:25","slug":"homepage-demo-7","status":"publish","type":"page","link":"https:\/\/adzicpartners.com\/me\/","title":{"rendered":"Ad\u017ei\u0107 &amp; Kne\u017eevi\u0107 | Leading Montenegro Law Firm"},"content":{"rendered":"","protected":false},"excerpt":{"rendered":"","protected":false},"author":1,"featured_media":0,"parent":0,"menu_order":0,"comment_status":"closed","ping_status":"closed","template":"","meta":{"footnotes":""},"class_list":["post-7097","page","type-page","status-publish","hentry"],"_links":{"self":[{"href":"https:\/\/adzicpartners.com\/me\/wp-json\/wp\/v2\/pages\/7097","targetHints":{"allow":["GET"]}}],"collection":[{"href":"https:\/\/adzicpartners.com\/me\/wp-json\/wp\/v2\/pages"}],"about":[{"href":"https:\/\/adzicpartners.com\/me\/wp-json\/wp\/v2\/types\/page"}],"author":[{"embeddable":true,"href":"https:\/\/adzicpartners.com\/me\/wp-json\/wp\/v2\/users\/1"}],"replies":[{"embeddable":true,"href":"https:\/\/adzicpartners.com\/me\/wp-json\/wp\/v2\/comments?post=7097"}],"version-history":[{"count":5,"href":"https:\/\/adzicpartners.com\/me\/wp-json\/wp\/v2\/pages\/7097\/revisions"}],"predecessor-version":[{"id":8368,"href":"https:\/\/adzicpartners.com\/me\/wp-json\/wp\/v2\/pages\/7097\/revisions\/8368"}],"wp:attachment":[{"href":"https:\/\/adzicpartners.com\/me\/wp-json\/wp\/v2\/media?parent=7097"}],"curies":[{"name":"wp","href":"https:\/\/api.w.org\/{rel}","templated":true}]}}